{"id":2316,"date":"2018-07-16T10:34:22","date_gmt":"2018-07-16T08:34:22","guid":{"rendered":"https:\/\/www.zylinderhaus.com\/time-ignition-adventure\/"},"modified":"2021-08-12T14:09:12","modified_gmt":"2021-08-12T12:09:12","slug":"time-ignition-adventure","status":"publish","type":"page","link":"https:\/\/www.zylinderhaus.com\/en\/time-ignition-adventure\/","title":{"rendered":"Time Ignition Adventure"},"content":{"rendered":"<div id='full_slider_1'  class='avia-fullwidth-slider main_color avia-shadow   avia-builder-el-0  el_before_av_layout_row  avia-builder-el-first   container_wrap sidebar_right'  ><div  class='avia-slideshow av-ks8nx3gu-ed77ceaa0ce709cf399126f71a9fd5c8 avia-slideshow-no scaling av_slideshow_full avia-slide_up-slider av-slideshow-ui av-control-hidden av-no-slider-navigation av-hide-nav-arrows av-slideshow-autoplay av-loop-endless av-loop-manual-endless av-default-height-applied   avia-slideshow-1' data-slideshow-options=\"{&quot;animation&quot;:&quot;slide_up&quot;,&quot;autoplay&quot;:true,&quot;loop_autoplay&quot;:&quot;endless&quot;,&quot;interval&quot;:6,&quot;loop_manual&quot;:&quot;manual-endless&quot;,&quot;autoplay_stopper&quot;:false,&quot;noNavigation&quot;:true,&quot;bg_slider&quot;:false,&quot;keep_padding&quot;:false,&quot;hoverpause&quot;:false,&quot;show_slide_delay&quot;:0}\"  itemprop=\"image\" itemscope=\"itemscope\" itemtype=\"https:\/\/schema.org\/ImageObject\" ><ul class='avia-slideshow-inner ' style='padding-bottom: 48.1%;'><li  class='avia-slideshow-slide av-ks8nx3gu-ed77ceaa0ce709cf399126f71a9fd5c8__0  av-single-slide slide-1 slide-odd'><div data-rel='slideshow-1' class='avia-slide-wrap '   ><div class='av-slideshow-caption av-ks8nx3gu-ed77ceaa0ce709cf399126f71a9fd5c8__0 caption_fullwidth caption_bottom caption_bottom_framed caption_framed'><div class=\"container caption_container\"><div class=\"slideshow_caption\"><div class=\"slideshow_inner_caption\"><div class=\"slideshow_align_caption\"><h2 class='avia-caption-title '  itemprop=\"name\" >Welcome! Enjoy your stay with us.<\/h2><div class='avia-caption-content '  itemprop=\"description\" ><p>We are pleased to be able to welcome you again.<\/p>\n<\/div><\/div><\/div><\/div><\/div><\/div><img decoding=\"async\" fetchpriority=\"high\" class=\"wp-image-2053 avia-img-lazy-loading-not-2053\"  src=\"https:\/\/www.zylinderhaus.com\/wp-content\/uploads\/Unbenannt-1.jpg\" width=\"2000\" height=\"962\" title='Zylinderhaus Museum Restaurant' alt=''  itemprop=\"thumbnailUrl\" srcset=\"https:\/\/www.zylinderhaus.com\/wp-content\/uploads\/Unbenannt-1.jpg 2000w, https:\/\/www.zylinderhaus.com\/wp-content\/uploads\/Unbenannt-1-300x144.jpg 300w, https:\/\/www.zylinderhaus.com\/wp-content\/uploads\/Unbenannt-1-768x369.jpg 768w, https:\/\/www.zylinderhaus.com\/wp-content\/uploads\/Unbenannt-1-1030x495.jpg 1030w, https:\/\/www.zylinderhaus.com\/wp-content\/uploads\/Unbenannt-1-1500x722.jpg 1500w, https:\/\/www.zylinderhaus.com\/wp-content\/uploads\/Unbenannt-1-705x339.jpg 705w, https:\/\/www.zylinderhaus.com\/wp-content\/uploads\/Unbenannt-1-450x216.jpg 450w\" sizes=\"(max-width: 2000px) 100vw, 2000px\" \/><\/div><\/li><\/ul><\/div><\/div>\n<div id='av-layout-grid-1'  class='av-layout-grid-container av-ks8nxn3p-374582d6b4a274fdeb41442a8a402fed entry-content-wrapper main_color av-flex-cells  avia-builder-el-1  el_after_av_slideshow_full  el_before_av_layout_row  grid-row-not-first  container_wrap sidebar_right'  >\n\n<style type=\"text\/css\" data-created_by=\"avia_inline_auto\" id=\"style-css-av-ks8ocv4n-42ca39f6d1ef4f2549b3bd2e57d011ef\">\n.flex_cell.av-ks8ocv4n-42ca39f6d1ef4f2549b3bd2e57d011ef{\nvertical-align:top;\nbackground-color:#3c3c3c;\n}\n.responsive #top #wrap_all .flex_cell.av-ks8ocv4n-42ca39f6d1ef4f2549b3bd2e57d011ef{\npadding:90px 50px 90px 50px !important;\n}\n<\/style>\n<div class='flex_cell av-ks8ocv4n-42ca39f6d1ef4f2549b3bd2e57d011ef av-gridrow-cell av_one_third no_margin  avia-builder-el-2  el_before_av_cell_one_third  avia-builder-el-first '  ><div class='flex_cell_inner'>\n<style type=\"text\/css\" data-created_by=\"avia_inline_auto\" id=\"style-css-av-ks8q12yn-fdd79a8685cc3c4208447a567016c20a\">\n#top .av-special-heading.av-ks8q12yn-fdd79a8685cc3c4208447a567016c20a{\npadding-bottom:20px;\ncolor:#ffffff;\nfont-size:30px;\n}\nbody .av-special-heading.av-ks8q12yn-fdd79a8685cc3c4208447a567016c20a .av-special-heading-tag .heading-char{\nfont-size:25px;\n}\n#top #wrap_all .av-special-heading.av-ks8q12yn-fdd79a8685cc3c4208447a567016c20a .av-special-heading-tag{\nfont-size:30px;\n}\n.av-special-heading.av-ks8q12yn-fdd79a8685cc3c4208447a567016c20a .special-heading-inner-border{\nborder-color:#ffffff;\n}\n.av-special-heading.av-ks8q12yn-fdd79a8685cc3c4208447a567016c20a .av-subheading{\nfont-size:15px;\n}\n\n@media only screen and (min-width: 480px) and (max-width: 767px){ \n#top #wrap_all .av-special-heading.av-ks8q12yn-fdd79a8685cc3c4208447a567016c20a .av-special-heading-tag{\nfont-size:0.8em;\n}\n}\n\n@media only screen and (max-width: 479px){ \n#top #wrap_all .av-special-heading.av-ks8q12yn-fdd79a8685cc3c4208447a567016c20a .av-special-heading-tag{\nfont-size:0.8em;\n}\n}\n<\/style>\n<div  class='av-special-heading av-ks8q12yn-fdd79a8685cc3c4208447a567016c20a av-special-heading-h3 custom-color-heading blockquote modern-quote modern-centered  avia-builder-el-3  avia-builder-el-no-sibling  av-thin-font av-inherit-size av-linked-heading'><h3 class='av-special-heading-tag '  itemprop=\"headline\"  ><a class=\"av-heading-link\" href=\"https:\/\/www.zylinderhaus.com\/en\/privacy-policy\/\" >RESTAURANT<span style=\"color: #cc1316\"><strong>.<\/strong><\/span><\/a><\/h3><div class='av_custom_color av-subheading av-subheading_below'><p>The restaurant of the Zylinderhaus museum will acquire your taste for it.<\/p>\n<\/div><div class=\"special-heading-border\"><div class=\"special-heading-inner-border\"><\/div><\/div><\/div>\n<\/div><\/div>\n<style type=\"text\/css\" data-created_by=\"avia_inline_auto\" id=\"style-css-av-ks8odi0e-7969729080dfeb5f5797856d66ab1c84\">\n.flex_cell.av-ks8odi0e-7969729080dfeb5f5797856d66ab1c84{\nvertical-align:top;\nbackground-color:#191919;\n}\n.responsive #top #wrap_all .flex_cell.av-ks8odi0e-7969729080dfeb5f5797856d66ab1c84{\npadding:90px 50px 90px 50px !important;\n}\n<\/style>\n<div class='flex_cell av-ks8odi0e-7969729080dfeb5f5797856d66ab1c84 av-gridrow-cell av_one_third no_margin  avia-builder-el-4  el_after_av_cell_one_third  el_before_av_cell_one_third '  ><div class='flex_cell_inner'>\n<style type=\"text\/css\" data-created_by=\"avia_inline_auto\" id=\"style-css-av-ks8q12yn-9d64bf915df496c766045bacd93441e9\">\n#top .av-special-heading.av-ks8q12yn-9d64bf915df496c766045bacd93441e9{\npadding-bottom:20px;\ncolor:#ffffff;\nfont-size:30px;\n}\nbody .av-special-heading.av-ks8q12yn-9d64bf915df496c766045bacd93441e9 .av-special-heading-tag .heading-char{\nfont-size:25px;\n}\n#top #wrap_all .av-special-heading.av-ks8q12yn-9d64bf915df496c766045bacd93441e9 .av-special-heading-tag{\nfont-size:30px;\n}\n.av-special-heading.av-ks8q12yn-9d64bf915df496c766045bacd93441e9 .special-heading-inner-border{\nborder-color:#ffffff;\n}\n.av-special-heading.av-ks8q12yn-9d64bf915df496c766045bacd93441e9 .av-subheading{\nfont-size:15px;\n}\n\n@media only screen and (min-width: 480px) and (max-width: 767px){ \n#top #wrap_all .av-special-heading.av-ks8q12yn-9d64bf915df496c766045bacd93441e9 .av-special-heading-tag{\nfont-size:0.8em;\n}\n}\n\n@media only screen and (max-width: 479px){ \n#top #wrap_all .av-special-heading.av-ks8q12yn-9d64bf915df496c766045bacd93441e9 .av-special-heading-tag{\nfont-size:0.8em;\n}\n}\n<\/style>\n<div  class='av-special-heading av-ks8q12yn-9d64bf915df496c766045bacd93441e9 av-special-heading-h3 custom-color-heading blockquote modern-quote modern-centered  avia-builder-el-5  avia-builder-el-no-sibling  av-thin-font av-inherit-size av-linked-heading'><h3 class='av-special-heading-tag '  itemprop=\"headline\"  ><a class=\"av-heading-link\" href=\"https:\/\/www.zylinderhaus.com\/en\/privacy-policy\/\" >MUSEUM<span style=\"color: #cc1316\"><strong>.<\/strong><\/span><\/a><\/h3><div class='av_custom_color av-subheading av-subheading_below'><p>Get to know more about our exhibition with over 100 vehicles and over 70 motorcycles in a guided tour.<\/p>\n<\/div><div class=\"special-heading-border\"><div class=\"special-heading-inner-border\"><\/div><\/div><\/div>\n<\/div><\/div>\n<style type=\"text\/css\" data-created_by=\"avia_inline_auto\" id=\"style-css-av-ks8od9ep-2af954256fc7a803e4c54e4880e8e30d\">\n.flex_cell.av-ks8od9ep-2af954256fc7a803e4c54e4880e8e30d{\nvertical-align:top;\nbackground-color:#444444;\n}\n.responsive #top #wrap_all .flex_cell.av-ks8od9ep-2af954256fc7a803e4c54e4880e8e30d{\npadding:90px 50px 90px 50px !important;\n}\n<\/style>\n<div class='flex_cell av-ks8od9ep-2af954256fc7a803e4c54e4880e8e30d av-gridrow-cell av_one_third no_margin  avia-builder-el-6  el_after_av_cell_one_third  avia-builder-el-last '  ><div class='flex_cell_inner'>\n<style type=\"text\/css\" data-created_by=\"avia_inline_auto\" id=\"style-css-av-ks8q12yn-4ad4c290cdd984c197ec57b5a1faa3b4\">\n#top .av-special-heading.av-ks8q12yn-4ad4c290cdd984c197ec57b5a1faa3b4{\npadding-bottom:20px;\ncolor:#ffffff;\nfont-size:30px;\n}\nbody .av-special-heading.av-ks8q12yn-4ad4c290cdd984c197ec57b5a1faa3b4 .av-special-heading-tag .heading-char{\nfont-size:25px;\n}\n#top #wrap_all .av-special-heading.av-ks8q12yn-4ad4c290cdd984c197ec57b5a1faa3b4 .av-special-heading-tag{\nfont-size:30px;\n}\n.av-special-heading.av-ks8q12yn-4ad4c290cdd984c197ec57b5a1faa3b4 .special-heading-inner-border{\nborder-color:#ffffff;\n}\n.av-special-heading.av-ks8q12yn-4ad4c290cdd984c197ec57b5a1faa3b4 .av-subheading{\nfont-size:15px;\n}\n\n@media only screen and (min-width: 480px) and (max-width: 767px){ \n#top #wrap_all .av-special-heading.av-ks8q12yn-4ad4c290cdd984c197ec57b5a1faa3b4 .av-special-heading-tag{\nfont-size:0.8em;\n}\n}\n\n@media only screen and (max-width: 479px){ \n#top #wrap_all .av-special-heading.av-ks8q12yn-4ad4c290cdd984c197ec57b5a1faa3b4 .av-special-heading-tag{\nfont-size:0.8em;\n}\n}\n<\/style>\n<div  class='av-special-heading av-ks8q12yn-4ad4c290cdd984c197ec57b5a1faa3b4 av-special-heading-h3 custom-color-heading blockquote modern-quote modern-centered  avia-builder-el-7  avia-builder-el-no-sibling  av-thin-font av-inherit-size av-linked-heading'><h3 class='av-special-heading-tag '  itemprop=\"headline\"  ><a class=\"av-heading-link\" href=\"https:\/\/www.zylinderhaus.com\/en\/privacy-policy\/\" >EVENTS<span style=\"color: #cc1316\"><strong>.<\/strong><\/span><\/a><\/h3><div class='av_custom_color av-subheading av-subheading_below'><p>Wether it is a wedding, a congress or any other festivity &#8211; we provide the appropriate location.<\/p>\n<\/div><div class=\"special-heading-border\"><div class=\"special-heading-inner-border\"><\/div><\/div><\/div>\n<\/div><\/div>\n<\/div>\n<div id='av-layout-grid-2'  class='av-layout-grid-container av-ks8vm8tb-6f22d94a6dce93c05a2046e0687a0118 entry-content-wrapper main_color av-flex-cells  avia-builder-el-8  el_after_av_layout_row  el_before_av_google_map  grid-row-not-first  container_wrap sidebar_right'  >\n\n<style type=\"text\/css\" data-created_by=\"avia_inline_auto\" id=\"style-css-av-ks8vk22c-973cf9ead7953021c9e3f372454079f7\">\n.flex_cell.av-ks8vk22c-973cf9ead7953021c9e3f372454079f7{\nvertical-align:top;\nheight:100px;\nmin-height:100px;\n}\n.responsive #top #wrap_all .flex_cell.av-ks8vk22c-973cf9ead7953021c9e3f372454079f7{\npadding:90px 50px 90px 50px !important;\n}\n<\/style>\n<div class='flex_cell av-ks8vk22c-973cf9ead7953021c9e3f372454079f7 av-gridrow-cell av_one_half no_margin  avia-builder-el-9  el_before_av_cell_one_half  avia-builder-el-first '  ><div class='flex_cell_inner'>\n<style type=\"text\/css\" data-created_by=\"avia_inline_auto\" id=\"style-css-av-ks8vgh98-6f5f468e228886263e18ac2da09b9ecd\">\n.flex_column.av-ks8vgh98-6f5f468e228886263e18ac2da09b9ecd{\nborder-radius:0px 0px 0px 0px;\npadding:0px 0px 0px 0px;\n}\n<\/style>\n<div  class='flex_column av-ks8vgh98-6f5f468e228886263e18ac2da09b9ecd av_one_full  avia-builder-el-10  avia-builder-el-no-sibling  first flex_column_div av-zero-column-padding avia-link-column av-column-link  '    data-link-column-url=\"https:\/\/www.amazon.de\/Zylinderhaus-Zeitreise-Geschichten-Erlebnismuseum-Bernkastel-Kues\/dp\/3613309203\/ref=sr_1_1?__mk_de_DE=%C3%85M%C3%85%C5%BD%C3%95%C3%91&amp;dchild=1&amp;keywords=Zylinderhaus%3A+Zeitreise.&amp;qid=1617007013&amp;sr=8-1\"  data-link-column-target=\"_blank\"   ><a class=\"av-screen-reader-only\" href=\"https:\/\/www.amazon.de\/Zylinderhaus-Zeitreise-Geschichten-Erlebnismuseum-Bernkastel-Kues\/dp\/3613309203\/ref=sr_1_1?__mk_de_DE=%C3%85M%C3%85%C5%BD%C3%95%C3%91&amp;dchild=1&amp;keywords=Zylinderhaus%3A+Zeitreise.&amp;qid=1617007013&amp;sr=8-1\" target=\"_blank\" rel=\"noopener\">Follow a manual added link<\/a><p>\n<style type=\"text\/css\" data-created_by=\"avia_inline_auto\" id=\"style-css-av-ks8vh826-ca5c0416d1999029428a9907d1ca9c8b\">\n#top .av-special-heading.av-ks8vh826-ca5c0416d1999029428a9907d1ca9c8b{\npadding-bottom:10px;\nfont-size:70px;\n}\nbody .av-special-heading.av-ks8vh826-ca5c0416d1999029428a9907d1ca9c8b .av-special-heading-tag .heading-char{\nfont-size:25px;\n}\n#top #wrap_all .av-special-heading.av-ks8vh826-ca5c0416d1999029428a9907d1ca9c8b .av-special-heading-tag{\nfont-size:70px;\n}\n.av-special-heading.av-ks8vh826-ca5c0416d1999029428a9907d1ca9c8b .av-subheading{\nfont-size:15px;\n}\n\n@media only screen and (min-width: 480px) and (max-width: 767px){ \n#top #wrap_all .av-special-heading.av-ks8vh826-ca5c0416d1999029428a9907d1ca9c8b .av-special-heading-tag{\nfont-size:0.8em;\n}\n}\n\n@media only screen and (max-width: 479px){ \n#top #wrap_all .av-special-heading.av-ks8vh826-ca5c0416d1999029428a9907d1ca9c8b .av-special-heading-tag{\nfont-size:0.8em;\n}\n}\n<\/style>\n<div  class='av-special-heading av-ks8vh826-ca5c0416d1999029428a9907d1ca9c8b av-special-heading-h1 blockquote modern-quote  avia-builder-el-11  el_before_av_textblock  avia-builder-el-first  av-inherit-size av-linked-heading'><h1 class='av-special-heading-tag '  itemprop=\"headline\"  ><a class=\"av-heading-link\" href=\"https:\/\/www.amazon.de\/Zylinderhaus-Zeitreise-Geschichten-Erlebnismuseum-Bernkastel-Kues\/dp\/3613309203\/ref=as_li_ss_tl?__mk_de_DE=\u00c5M\u00c5\u017d\u00d5\u00d1&#038;keywords=zylinderhaus&#038;qid=1575276339&#038;sr=8-1&#038;linkCode=sl1&#038;tag=fhmn0c-21&#038;linkId=02b90b72555772f565e2460c4b646760&#038;language=de_DE\" target=\"_blank\" rel=\"noopener noreferrer\">THE BOOK OF THE MUSEUM<\/a><\/h1><div class=\"special-heading-border\"><div class=\"special-heading-inner-border\"><\/div><\/div><\/div><br \/>\n<section  class='av_textblock_section av-ks8o6zbg-08a1e46177d0344e10becca8aeb5448c '   itemscope=\"itemscope\" itemtype=\"https:\/\/schema.org\/CreativeWork\" ><div class='avia_textblock'  itemprop=\"text\" ><p>Explore the lovely told stories in our museum about the background of our exhibits and vehicles.<\/p>\n<p>Enjoy the stories and dive into a journey through the good old days.<\/p>\n<p><span style=\"color: #cc1316\"><strong>You want to take a piece of the museum with you?<\/strong><\/span><\/p>\n<p>You can buy this book in our shop an in some bookstores.<\/p>\n<\/div><\/section><\/p><\/div>\n<\/div><\/div>\n<style type=\"text\/css\" data-created_by=\"avia_inline_auto\" id=\"style-css-av-av_cell_one_half-9049ca77cd381b8eb45853defb5676d4\">\n.flex_cell.av-av_cell_one_half-9049ca77cd381b8eb45853defb5676d4{\nheight:100px;\nmin-height:100px;\n}\n<\/style>\n<div class='flex_cell av-av_cell_one_half-9049ca77cd381b8eb45853defb5676d4 av-gridrow-cell av_one_half no_margin  avia-builder-el-13  el_after_av_cell_one_half  avia-builder-el-last '  ><div class='flex_cell_inner'>\n<style type=\"text\/css\" data-created_by=\"avia_inline_auto\" id=\"style-css-av-ks8vnyld-0947fe9e4a036a081ecba1252c4f3e51\">\n.flex_column.av-ks8vnyld-0947fe9e4a036a081ecba1252c4f3e51{\nborder-radius:0px 0px 0px 0px;\npadding:50px 0px 0px 0px;\n}\n<\/style>\n<div  class='flex_column av-ks8vnyld-0947fe9e4a036a081ecba1252c4f3e51 av_one_full  avia-builder-el-14  avia-builder-el-no-sibling  first flex_column_div  '     ><style type=\"text\/css\" data-created_by=\"avia_inline_auto\" id=\"style-css-av-ks8o8l6i-f7443a5448b4d00f8eabb9559416af55\">\n.avia-image-container.av-ks8o8l6i-f7443a5448b4d00f8eabb9559416af55 img.avia_image{\nbox-shadow:none;\n}\n.avia-image-container.av-ks8o8l6i-f7443a5448b4d00f8eabb9559416af55 .av-image-caption-overlay-center{\ncolor:#ffffff;\n}\n<\/style>\n<div  class='avia-image-container av-ks8o8l6i-f7443a5448b4d00f8eabb9559416af55 av-styling- av-hover-grow avia-align-center  avia-builder-el-15  avia-builder-el-no-sibling '   itemprop=\"image\" itemscope=\"itemscope\" itemtype=\"https:\/\/schema.org\/ImageObject\" ><div class=\"avia-image-container-inner\"><div class=\"avia-image-overlay-wrap\"><img decoding=\"async\" fetchpriority=\"high\" class='wp-image-3490 avia-img-lazy-loading-not-3490 avia_image ' src=\"https:\/\/www.zylinderhaus.com\/wp-content\/uploads\/30920-219x300.png\" alt='Geschichten aus dem Erlebnismuseum' title='30920'  height=\"300\" width=\"219\"  itemprop=\"thumbnailUrl\" srcset=\"https:\/\/www.zylinderhaus.com\/wp-content\/uploads\/30920-219x300.png 219w, https:\/\/www.zylinderhaus.com\/wp-content\/uploads\/30920-752x1030.png 752w, https:\/\/www.zylinderhaus.com\/wp-content\/uploads\/30920-768x1053.png 768w, https:\/\/www.zylinderhaus.com\/wp-content\/uploads\/30920-1121x1536.png 1121w, https:\/\/www.zylinderhaus.com\/wp-content\/uploads\/30920-1094x1500.png 1094w, https:\/\/www.zylinderhaus.com\/wp-content\/uploads\/30920-514x705.png 514w, https:\/\/www.zylinderhaus.com\/wp-content\/uploads\/30920-450x617.png 450w, https:\/\/www.zylinderhaus.com\/wp-content\/uploads\/30920.png 1290w\" sizes=\"(max-width: 219px) 100vw, 219px\" \/><\/div><\/div><\/div><\/div>\n<\/div><\/div><\/div><div  class='av_gmaps_sc_main_wrap av_gmaps_main_wrap '><div id='av_gmap_0' class='avia-google-map-container avia-google-map-sc av_gmaps_show_unconditionally av-no-fallback-img ' data-mapid='av_gmap_0'  style='height: 400px;'><a class=\"av_gmaps_browser_disabled av_text_confirm_link av_text_confirm_link_visible\" href=\"https:\/\/www.google.com\/maps\/search\/?api=1&#038;query=Adolf-Kolping%20Stra\u00df2%202%2054470%20Bernkastel-Kues%20Rheinland-Pflaz%20Deutschland\" target=\"_blank\" rel=\"noopener\">Maps were disabled by the visitor on this site. Click to open the map in a new window.<\/a><\/div><\/div><\/p>\n","protected":false},"excerpt":{"rendered":"","protected":false},"author":8,"featured_media":0,"parent":0,"menu_order":2,"comment_status":"closed","ping_status":"closed","template":"","meta":{"footnotes":""},"class_list":["post-2316","page","type-page","status-publish","hentry"],"_links":{"self":[{"href":"https:\/\/www.zylinderhaus.com\/en\/wp-json\/wp\/v2\/pages\/2316"}],"collection":[{"href":"https:\/\/www.zylinderhaus.com\/en\/wp-json\/wp\/v2\/pages"}],"about":[{"href":"https:\/\/www.zylinderhaus.com\/en\/wp-json\/wp\/v2\/types\/page"}],"author":[{"embeddable":true,"href":"https:\/\/www.zylinderhaus.com\/en\/wp-json\/wp\/v2\/users\/8"}],"replies":[{"embeddable":true,"href":"https:\/\/www.zylinderhaus.com\/en\/wp-json\/wp\/v2\/comments?post=2316"}],"version-history":[{"count":17,"href":"https:\/\/www.zylinderhaus.com\/en\/wp-json\/wp\/v2\/pages\/2316\/revisions"}],"predecessor-version":[{"id":4080,"href":"https:\/\/www.zylinderhaus.com\/en\/wp-json\/wp\/v2\/pages\/2316\/revisions\/4080"}],"wp:attachment":[{"href":"https:\/\/www.zylinderhaus.com\/en\/wp-json\/wp\/v2\/media?parent=2316"}],"curies":[{"name":"wp","href":"https:\/\/api.w.org\/{rel}","templated":true}]}}